{"id":6016,"date":"2021-10-28T21:00:16","date_gmt":"2021-10-28T21:00:16","guid":{"rendered":"https:\/\/royal-smile.pl\/?page_id=6016"},"modified":"2021-11-10T18:32:00","modified_gmt":"2021-11-10T18:32:00","slug":"aparat-nakladkowy","status":"publish","type":"page","link":"https:\/\/royal-smile.pl\/?page_id=6016","title":{"rendered":"APARAT NAK\u0141ADKOWY"},"content":{"rendered":"<p>[vc_row full_width=&#8221;stretch_row&#8221; css=&#8221;.vc_custom_1590588064479{margin-top: 0px !important;border-top-width: 0px !important;padding-top: 0px !important;}&#8221;][vc_column]<section  id=\"single-69e4bc37518ad\" class=\"header-single vertical-flex m0 image-bg parallax  p0 fullscreen \" ><div class=\"background-content \"><img loading=\"lazy\" decoding=\"async\" width=\"1920\" height=\"900\" src=\"https:\/\/royal-smile.pl\/wp-content\/uploads\/2021\/11\/Projekt-bez-tytulu-193.png\" class=\"background-image\" alt=\"page-header\" srcset=\"https:\/\/royal-smile.pl\/wp-content\/uploads\/2021\/11\/Projekt-bez-tytulu-193.png 1920w, https:\/\/royal-smile.pl\/wp-content\/uploads\/2021\/11\/Projekt-bez-tytulu-193-300x141.png 300w, https:\/\/royal-smile.pl\/wp-content\/uploads\/2021\/11\/Projekt-bez-tytulu-193-1024x480.png 1024w, https:\/\/royal-smile.pl\/wp-content\/uploads\/2021\/11\/Projekt-bez-tytulu-193-768x360.png 768w, https:\/\/royal-smile.pl\/wp-content\/uploads\/2021\/11\/Projekt-bez-tytulu-193-1536x720.png 1536w\" sizes=\"(max-width: 1920px) 100vw, 1920px\" \/><div  class=\"background-overlay\"><\/div><\/div><div  class=\"container vertical-flex-column item-content \">\n\t\t\t            <div class=\"row\"><div class=\"standard-slide p0 col-lg-12 col-lg-offset-0 col-md-10 col-md-offset-1 col-sm-12 text-left\"><h1 style=\"text-shadow:none;font-size:35px;line-height:45px;letter-spacing:0px!important;padding-top:0px;text-transform: none!important;font-family:Playfair Display;font-weight:400;font-style:normal;\" class=\"heading-title-standard\">APARAT NAK\u0141ADKOWY<\/h1><div style=\"text-shadow:none;font-size:18px;line-height:23px;text-transform: none!important;\" class=\"lead \">Wyobra\u017a sobie, \u017ce aparat idealnie dopasowuje si\u0119 do twoich z\u0119b\u00f3w, a pierwsze efekty leczenia widzisz ju\u017c po 90 dniach.<\/div><div style=\"text-shadow:none;font-size:18px;line-height:25px;text-transform: none!important;\" class=\"heading-content\"><\/div><div class=\"mt24 mt-xs-8 \"><a  id=\"btn-69e4bc37518ae\"  class=\" m0 btn btn-filled   btn-sm-sm \"  href= \"https:\/\/royal-smile.pl\/?page_id=6048\"  >UM\u00d3W SI\u0118 NA WIZYT\u0118<\/a><\/div>\n                <\/div><\/div><\/div><\/section><script type=\"text\/javascript\">jQuery(document).ready(function(){jQuery('head').append('<style type=\"text\/css\" id=\"tlg-custom-css-single-69e4bc37518ad\">@font-face {font-family:\"Playfair Display\"; src:url(\"\/\/fonts.gstatic.com\/s\/playfairdisplay\/v10\/2NBgzUtEeyB-Xtpr9bm1CV6uyC_qD11hrFQ6EGgTJWI.ttf\");}<\/style>');});<\/script>[\/vc_column][\/vc_row][vc_row css=&#8221;.vc_custom_1636569104907{margin-bottom: 0px !important;border-bottom-width: 0px !important;padding-bottom: 0px !important;}&#8221;][vc_column][vc_column_text]<\/p>\n<h3><span style=\"color: #ddc19b;\"><img loading=\"lazy\" decoding=\"async\" class=\"size-medium wp-image-6083 alignleft\" src=\"https:\/\/royal-smile.pl\/wp-content\/uploads\/2021\/11\/strzalka-5-300x43.png\" alt=\"\" width=\"300\" height=\"43\" srcset=\"https:\/\/royal-smile.pl\/wp-content\/uploads\/2021\/11\/strzalka-5-300x43.png 300w, https:\/\/royal-smile.pl\/wp-content\/uploads\/2021\/11\/strzalka-5.png 350w\" sizes=\"(max-width: 300px) 100vw, 300px\" \/>Dlaczego nak\u0142adki ortodontyczne Royal Smile?<\/span><\/h3>\n<p>[\/vc_column_text][\/vc_column][\/vc_row][vc_row css=&#8221;.vc_custom_1636569116973{margin-top: 0px !important;border-top-width: 0px !important;padding-top: 0px !important;}&#8221;][vc_column width=&#8221;1\/2&#8243; css=&#8221;.vc_custom_1635087219455{margin-bottom: 0px !important;border-bottom-width: 0px !important;padding-bottom: 0px !important;}&#8221;][vc_column_text css=&#8221;.vc_custom_1635109458795{margin-top: 0px !important;border-top-width: 0px !important;padding-top: 0px !important;}&#8221;]Aparat nak\u0142adkowy jest <strong>idealnie dopasowany<\/strong> \u00a0do\u00a0twoich z\u0119b\u00f3w, a\u00a0pierwsze <strong>efekty leczenia<\/strong> wida\u0107 ju\u017c po\u00a090 dniach, poniewa\u017c obejmuje on\u00a0ca\u0142y\u00a0z\u0105b\u00a0z\u00a0obydwu stron przyspieszaj\u0105c\u00a0jego przesuwanie.[\/vc_column_text][vc_column_text css=&#8221;.vc_custom_1635109474651{margin-top: 0px !important;border-top-width: 0px !important;padding-top: 0px !important;}&#8221;]Jednocze\u015bnie spos\u00f3b\u00a0w\u00a0jaki pracuje na\u00a0z\u0119bach sprawia, \u017ce\u00a0ich przesuwanie jest<strong>praktycznie nieodczuwalne.<\/strong>[\/vc_column_text]<div class=\" text-left\"><a style=\"color:#565656;background:transparent;border-color:#dcc19b;\" id=\"btn-69e4bc3751bac\" class=\"btn    btn-sm-sm\" href= \"https:\/\/royal-smile.pl\/?page_id=6048\" target=\"_self\" >UM\u00d3W SI\u0118 NA WIZYT\u0118<\/a><\/div><script type=\"text\/javascript\">jQuery(document).ready(function(){jQuery('head').append('<style type=\"text\/css\" id=\"tlg-custom-css-btn-69e4bc3751bac\">#btn-69e4bc3751bac:hover{color:#565656!important;background:transparent!important;border-color:#dcc19b!important;}<\/style>');});<\/script>[\/vc_column][vc_column width=&#8221;1\/2&#8243;][vc_single_image image=&#8221;5995&#8243; img_size=&#8221;large&#8221;][\/vc_column][\/vc_row][vc_row][vc_column width=&#8221;1\/2&#8243;][vc_single_image image=&#8221;5994&#8243; img_size=&#8221;large&#8221;][\/vc_column][vc_column width=&#8221;1\/2&#8243;][vc_column_text]Dzi\u0119ki\u00a0wykorzystaniu prze\u017aroczystego materia\u0142u\u00a0jest on\u00a0wyj\u0105tkowo dyskretny\u00a0\u2014 niewidoczny gdy masz go\u00a0na\u00a0z\u0119bach i\u00a0nie utrudniaj\u0105cy\u00a0m\u00f3wienia. Przez ca\u0142y\u00a0czas jego noszenia nie musisz martwi\u0107 si\u0119 o\u00a0podra\u017cnienia ust czy dzi\u0105se\u0142 co\u00a0zapewnia wyj\u0105tkowy komfort.[\/vc_column_text][vc_column_text]Dodatkowo spos\u00f3b\u00a0jego mocowania umo\u017cliwia zachowanie najwy\u017cszego stopnia higieny jamy ustnej (w\u00a0tym korzystania z\u00a0nici dentystycznej), a\u00a0tak\u017ce\u00a0minimalizuje ryzyko odwapnienia szkliwa oraz pr\u00f3chnicy.[\/vc_column_text][\/vc_column][\/vc_row][vc_row][vc_column width=&#8221;1\/2&#8243;][vc_column_text]<\/p>\n<h3><span style=\"color: #ddc19b;\">POZNAJ EFEKT KO\u0143COWY OD RAZU?<img loading=\"lazy\" decoding=\"async\" class=\"size-medium wp-image-6083 alignright\" src=\"https:\/\/royal-smile.pl\/wp-content\/uploads\/2021\/11\/strzalka-5-300x43.png\" alt=\"\" width=\"300\" height=\"43\" srcset=\"https:\/\/royal-smile.pl\/wp-content\/uploads\/2021\/11\/strzalka-5-300x43.png 300w, https:\/\/royal-smile.pl\/wp-content\/uploads\/2021\/11\/strzalka-5.png 350w\" sizes=\"(max-width: 300px) 100vw, 300px\" \/><br \/>\n<\/span><\/h3>\n<h3><\/h3>\n<p>[\/vc_column_text][vc_column_text]Aparat nak\u0142adkowy Royal Smile to\u00a0nie tylko wygoda w\u00a0trakcie u\u017cytkowania, ale r\u00f3wnie\u017c przewidywalne efekty. To\u00a0zas\u0142uga unikalnego systemu wizualizacji u\u015bmiechu, dzi\u0119ki\u00a0kt\u00f3remu unikniesz dodatkowych i\u00a0niepotrzebnych koszt\u00f3w.[\/vc_column_text][vc_column_text]<\/p>\n<h3><span style=\"color: #ddc19b;\">JAK TO MO\u017bLIWE?<img loading=\"lazy\" decoding=\"async\" class=\"size-medium wp-image-6083 alignright\" src=\"https:\/\/royal-smile.pl\/wp-content\/uploads\/2021\/11\/strzalka-5-300x43.png\" alt=\"\" width=\"300\" height=\"43\" srcset=\"https:\/\/royal-smile.pl\/wp-content\/uploads\/2021\/11\/strzalka-5-300x43.png 300w, https:\/\/royal-smile.pl\/wp-content\/uploads\/2021\/11\/strzalka-5.png 350w\" sizes=\"(max-width: 300px) 100vw, 300px\" \/><br \/>\n<\/span><\/h3>\n<h3><\/h3>\n<p>[\/vc_column_text][vc_column_text]<img loading=\"lazy\" decoding=\"async\" class=\"wp-image-5979 alignleft\" src=\"https:\/\/royal-smile.pl\/wp-content\/uploads\/2021\/10\/1.png\" alt=\"\" width=\"50\" height=\"50\" srcset=\"https:\/\/royal-smile.pl\/wp-content\/uploads\/2021\/10\/1.png 200w, https:\/\/royal-smile.pl\/wp-content\/uploads\/2021\/10\/1-150x150.png 150w, https:\/\/royal-smile.pl\/wp-content\/uploads\/2021\/10\/1-60x60.png 60w\" sizes=\"(max-width: 50px) 100vw, 50px\" \/><br \/>\nW\u00a0trakcie pierwszej wizyty specjalista Royal Smile dokona skanowania 3D\u00a0twojej jamy ustnej.[\/vc_column_text][vc_column_text]<img loading=\"lazy\" decoding=\"async\" class=\"wp-image-5980 alignleft\" src=\"https:\/\/royal-smile.pl\/wp-content\/uploads\/2021\/10\/2.png\" alt=\"\" width=\"51\" height=\"51\" srcset=\"https:\/\/royal-smile.pl\/wp-content\/uploads\/2021\/10\/2.png 200w, https:\/\/royal-smile.pl\/wp-content\/uploads\/2021\/10\/2-150x150.png 150w, https:\/\/royal-smile.pl\/wp-content\/uploads\/2021\/10\/2-60x60.png 60w\" sizes=\"(max-width: 51px) 100vw, 51px\" \/><br \/>\nW\u00a0jego efekcie otrzyma <strong>cyfrowy obraz zgryzu<\/strong>, na\u00a0podstawie kt\u00f3rego powstanie plan jego korekty.[\/vc_column_text][vc_column_text]<img loading=\"lazy\" decoding=\"async\" class=\"wp-image-5981 alignleft\" src=\"https:\/\/royal-smile.pl\/wp-content\/uploads\/2021\/10\/3.png\" alt=\"\" width=\"50\" height=\"50\" srcset=\"https:\/\/royal-smile.pl\/wp-content\/uploads\/2021\/10\/3.png 200w, https:\/\/royal-smile.pl\/wp-content\/uploads\/2021\/10\/3-150x150.png 150w, https:\/\/royal-smile.pl\/wp-content\/uploads\/2021\/10\/3-60x60.png 60w\" sizes=\"(max-width: 50px) 100vw, 50px\" \/><br \/>\nW\u00a0po\u0142\u0105czeniu z\u00a0sesj\u0105 zdj\u0119ciow\u0105 lekarz przedstawi ci\u00a0<strong>wizualizacj\u0119 planowanego efektu.<\/strong>[\/vc_column_text][vc_column_text]<img loading=\"lazy\" decoding=\"async\" class=\"wp-image-5984 alignleft\" src=\"https:\/\/royal-smile.pl\/wp-content\/uploads\/2021\/10\/O1-4.png\" alt=\"\" width=\"50\" height=\"50\" srcset=\"https:\/\/royal-smile.pl\/wp-content\/uploads\/2021\/10\/O1-4.png 200w, https:\/\/royal-smile.pl\/wp-content\/uploads\/2021\/10\/O1-4-150x150.png 150w, https:\/\/royal-smile.pl\/wp-content\/uploads\/2021\/10\/O1-4-60x60.png 60w\" sizes=\"(max-width: 50px) 100vw, 50px\" \/><br \/>\nPo\u00a0jego akceptacji powstan\u0105 twoje<strong> pierwsze nak\u0142adki<\/strong>, kt\u00f3re\u00a0dzi\u0119ki\u00a0cyfrowej technologii przygotowania dopasuj\u0105 si\u0119 <strong>idealnie do\u00a0twoich z\u0119b\u00f3w.<\/strong>[\/vc_column_text][\/vc_column][vc_column width=&#8221;1\/2&#8243;][vc_single_image image=&#8221;5996&#8243; img_size=&#8221;full&#8221;][\/vc_column][\/vc_row][vc_row][vc_column width=&#8221;1\/4&#8243;][vc_single_image image=&#8221;5997&#8243; img_size=&#8221;large&#8221; alignment=&#8221;center&#8221; onclick=&#8221;custom_link&#8221; link=&#8221;http:\/\/www.pudelek.pl&#8221;][vc_single_image image=&#8221;5998&#8243; img_size=&#8221;large&#8221; alignment=&#8221;center&#8221; onclick=&#8221;custom_link&#8221; link=&#8221;http:\/\/www.pudelek.pl&#8221;][vc_single_image image=&#8221;5999&#8243; img_size=&#8221;large&#8221; alignment=&#8221;center&#8221; onclick=&#8221;custom_link&#8221; link=&#8221;http:\/\/www.pudelek.pl&#8221;][\/vc_column][vc_column width=&#8221;3\/4&#8243;][vc_column_text]<\/p>\n<h4><span style=\"color: #ddc19b;\">WOLNO\u015a\u0106, KOCHAM I ROZUMIEM!<\/span><\/h4>\n<p>Nak\u0142adki zapewniaj\u0105 ci wolno\u015b\u0107 i umo\u017cliwiaj\u0105 utrzymanie dotychczasowego komfortu \u017cycia. Mo\u017cesz zdj\u0105\u0107 je samemu i za\u0142o\u017cy\u0107 z powrotem kiedy tylko potrzebujesz \u2013 przed wa\u017cnym spotkaniem biznesowym, randk\u0105, czy w trakcie uprawiania sport\u00f3w kontaktowych.[\/vc_column_text]<div class=\"tlg-spacer line \" data-height=\"120\" data-height-tablet=\"30\" data-height-mobile=\"20\" style=\"clear:both;display:block;height:120px;margin-top: -60px; margin-bottom: 60px; \"><\/div>[vc_column_text]<\/p>\n<h4><span style=\"color: #ddc19b;\">PLANUJESZ \u015aLUB?<\/span><\/h4>\n<p>Nie musisz si\u0119 ju\u017c martwi\u0107! Bez problemu zdejmiesz je na ca\u0142y czas trwania ceremonii, wesela oraz sesji zdj\u0119ciowej. Na dodatek, dzi\u0119ki tej ich w\u0142a\u015bciwo\u015bci, mo\u017cesz je\u015b\u0107 i pi\u0107 co chcesz, bez \u017cadnych ogranicze\u0144.[\/vc_column_text]<div class=\"tlg-spacer line \" data-height=\"150\" data-height-tablet=\"20\" data-height-mobile=\"20\" style=\"clear:both;display:block;height:150px;margin-top: -75px; margin-bottom: 75px; \"><\/div>[vc_column_text]<\/p>\n<h4><span style=\"color: #dcc19b;\">CZERWONE WINO?<\/span><\/h4>\n<p>Orzeszki? Wszystko jest w twoim zasi\u0119gu. Do tego twojego czasu nie ograniczaj\u0105 wizyty kontrolne u lekarza. Z nak\u0142adkami mo\u017cesz bez problemu planowa\u0107 wakacje, a nawet rezonans magnetyczny. Royal Smile b\u0119d\u0105 prostowa\u0107 twoje z\u0119by ka\u017cdego dnia pozwalaj\u0105c ci zachowa\u0107 doskona\u0142e samopoczucie. Dla optymalnych wynik\u00f3w nale\u017cy nosi\u0107 je oko\u0142o 22 godziny dziennie.<\/p>\n<p>Te prze\u017aroczyste nak\u0142adki wykonane z najwy\u017cszej jako\u015bci bio-bezpiecznego tworzywa nadaj\u0105 si\u0119 nawet dla alergik\u00f3w, otwieraj\u0105c drog\u0119 do wspania\u0142ego u\u015bmiechu osobom uczulonym m.in. na metale.[\/vc_column_text][\/vc_column][\/vc_row][vc_row][vc_column width=&#8221;1\/6&#8243;][\/vc_column][vc_column width=&#8221;2\/3&#8243; css=&#8221;.vc_custom_1635310446302{border-top-width: 10px !important;border-right-width: 15px !important;border-bottom-width: 10px !important;border-left-width: 15px !important;padding-top: 10px !important;padding-right: 15px !important;padding-bottom: 10px !important;padding-left: 15px !important;background-color: #ededed !important;border-left-color: #ededed !important;border-left-style: dotted !important;border-right-color: #ededed !important;border-right-style: dotted !important;border-top-color: #ededed !important;border-top-style: dotted !important;border-bottom-color: #ededed !important;border-bottom-style: dotted !important;}&#8221;]<div class=\"headings-title \"><div class=\"mb70 mb-xs-40 text-center\"><h4 style=\"color:#1e1514!important;font-size:20px;line-height:30px;text-transform: uppercase!important;\" class=\"widgettitle\">UM\u00d3W SI\u0118 NA WIZYT\u0118<\/h4><\/div><\/div><div role=\"form\" class=\"wpcf7\" id=\"wpcf7-f6-o1\" lang=\"pl-PL\" dir=\"ltr\">\n<div class=\"screen-reader-response\"><p role=\"status\" aria-live=\"polite\" aria-atomic=\"true\"><\/p> <ul><\/ul><\/div>\n<form action=\"\/index.php?rest_route=%2Fwp%2Fv2%2Fpages%2F6016#wpcf7-f6-o1\" method=\"post\" class=\"wpcf7-form init\" novalidate=\"novalidate\" data-status=\"init\">\n<div style=\"display: none;\">\n<input type=\"hidden\" name=\"_wpcf7\" value=\"6\" \/>\n<input type=\"hidden\" name=\"_wpcf7_version\" value=\"5.5.2\" \/>\n<input type=\"hidden\" name=\"_wpcf7_locale\" value=\"pl_PL\" \/>\n<input type=\"hidden\" name=\"_wpcf7_unit_tag\" value=\"wpcf7-f6-o1\" \/>\n<input type=\"hidden\" name=\"_wpcf7_container_post\" value=\"0\" \/>\n<input type=\"hidden\" name=\"_wpcf7_posted_data_hash\" value=\"\" \/>\n<\/div>\n<p><label> Twoje imi\u0119 i nazwisko<br \/>\n    <span class=\"wpcf7-form-control-wrap your-name\"><input type=\"text\" name=\"your-name\" value=\"\" size=\"40\" class=\"wpcf7-form-control wpcf7-text wpcf7-validates-as-required\" aria-required=\"true\" aria-invalid=\"false\" \/><\/span> <\/label><\/p>\n<p><label> Tw\u00f3j adres e-mail<br \/>\n    <span class=\"wpcf7-form-control-wrap your-email\"><input type=\"email\" name=\"your-email\" value=\"\" size=\"40\" class=\"wpcf7-form-control wpcf7-text wpcf7-email wpcf7-validates-as-required wpcf7-validates-as-email\" aria-required=\"true\" aria-invalid=\"false\" \/><\/span> <\/label><\/p>\n<p><label> Temat<br \/>\n    <span class=\"wpcf7-form-control-wrap your-subject\"><input type=\"text\" name=\"your-subject\" value=\"\" size=\"40\" class=\"wpcf7-form-control wpcf7-text wpcf7-validates-as-required\" aria-required=\"true\" aria-invalid=\"false\" \/><\/span> <\/label><\/p>\n<p><label> Twoja wiadomo\u015bci (opcjonalne)<br \/>\n    <span class=\"wpcf7-form-control-wrap your-message\"><textarea name=\"your-message\" cols=\"40\" rows=\"10\" class=\"wpcf7-form-control wpcf7-textarea\" aria-invalid=\"false\"><\/textarea><\/span> <\/label><br \/>\n<label> data wizyty<br \/>\n<span class=\"wpcf7-form-control-wrap date-563\"><input type=\"date\" name=\"date-563\" value=\"\" class=\"wpcf7-form-control wpcf7-date wpcf7-validates-as-date\" aria-invalid=\"false\" \/><\/span> <\/label><\/p>\n<p><input type=\"submit\" value=\"Wy\u015blij\" class=\"wpcf7-form-control has-spinner wpcf7-submit\" \/><\/p>\n<div class=\"wpcf7-response-output\" aria-hidden=\"true\"><\/div><\/form><\/div>[\/vc_column][vc_column width=&#8221;1\/6&#8243;][\/vc_column][\/vc_row]<\/p>\n","protected":false},"excerpt":{"rendered":"<p>[vc_row full_width=&#8221;stretch_row&#8221; css=&#8221;.vc_custom_1590588064479{margin-top: 0px !important;border-top-width: 0px !important;padding-top: 0px !important;}&#8221;][vc_column][\/vc_column][\/vc_row][vc_row css=&#8221;.vc_custom_1636569104907{margin-bottom: 0px !important;border-bottom-width: 0px !important;padding-bottom: 0px !important;}&#8221;][vc_column][vc_column_text] Dlaczego nak\u0142adki ortodontyczne Royal Smile? [\/vc_column_text][\/vc_column][\/vc_row][vc_row css=&#8221;.vc_custom_1636569116973{margin-top: 0px !important;border-top-width: 0px !important;padding-top: 0px !important;}&#8221;][vc_column width=&#8221;1\/2&#8243; css=&#8221;.vc_custom_1635087219455{margin-bottom: 0px !important;border-bottom-width: 0px !important;padding-bottom: 0px !important;}&#8221;][vc_column_text css=&#8221;.vc_custom_1635109458795{margin-top: 0px !important;border-top-width: 0px !important;padding-top: 0px !important;}&#8221;]Aparat nak\u0142adkowy jest idealnie dopasowany \u00a0do\u00a0twoich z\u0119b\u00f3w, a\u00a0pierwsze efekty leczenia wida\u0107 ju\u017c&#8230;<\/p>\n","protected":false},"author":1,"featured_media":0,"parent":0,"menu_order":0,"comment_status":"closed","ping_status":"closed","template":"","meta":{"footnotes":""},"class_list":["post-6016","page","type-page","status-publish","hentry"],"_links":{"self":[{"href":"https:\/\/royal-smile.pl\/index.php?rest_route=\/wp\/v2\/pages\/6016"}],"collection":[{"href":"https:\/\/royal-smile.pl\/index.php?rest_route=\/wp\/v2\/pages"}],"about":[{"href":"https:\/\/royal-smile.pl\/index.php?rest_route=\/wp\/v2\/types\/page"}],"author":[{"embeddable":true,"href":"https:\/\/royal-smile.pl\/index.php?rest_route=\/wp\/v2\/users\/1"}],"replies":[{"embeddable":true,"href":"https:\/\/royal-smile.pl\/index.php?rest_route=%2Fwp%2Fv2%2Fcomments&post=6016"}],"version-history":[{"count":8,"href":"https:\/\/royal-smile.pl\/index.php?rest_route=\/wp\/v2\/pages\/6016\/revisions"}],"predecessor-version":[{"id":6133,"href":"https:\/\/royal-smile.pl\/index.php?rest_route=\/wp\/v2\/pages\/6016\/revisions\/6133"}],"wp:attachment":[{"href":"https:\/\/royal-smile.pl\/index.php?rest_route=%2Fwp%2Fv2%2Fmedia&parent=6016"}],"curies":[{"name":"wp","href":"https:\/\/api.w.org\/{rel}","templated":true}]}}